{"id":120,"date":"2021-02-21T18:56:45","date_gmt":"2021-02-21T18:56:45","guid":{"rendered":"https:\/\/fmv-makler.de\/?page_id=120"},"modified":"2024-07-23T15:05:12","modified_gmt":"2024-07-23T15:05:12","slug":"erstinformation","status":"publish","type":"page","link":"https:\/\/fmv-makler.de\/?page_id=120","title":{"rendered":"Erstinformation"},"content":{"rendered":"\n<p>gem\u00e4\u00df den Bestimmungen der EU- Vermittlerrichtlinie Informationspflicht nach  VersVermV<\/p>\n\n\n\n<p><strong>Frank M\u00fcller Versicherungsmakler GmbH<\/strong> <br>Berliner Stra\u00dfe 104, 04910 Elsterwerda<br>Telefon: 03533 819791, Fax: 03533 819792,<br>Email: info@fmv-makler.de, Web: www.fmv-makler.de<\/p>\n\n\n\n<p>Gesch\u00e4ftsf\u00fchrer: Frank M\u00fcller, Benno Nemetz<br>Amtsgericht Cottbus HRB 12213 CB<br>Steuernummer: 057\/108\/04461<\/p>\n\n\n\n<p><strong>Versicherungsmakler <\/strong><br>mit der Erlaubnis nach \u00a7 34d Abs. 1 GewO <br>gemeldet bei der IHK Cottbus, Goethestra\u00dfe 1, 03046 Cottbus<\/p>\n\n\n\n<p><strong>Zentralen Registerstelle<\/strong><br>Deutscher Industrie- und Handelskammertag (DIHK)<br>Breite Stra\u00dfe 29, 10178 Berlin, Tel.: 0180 6005850 (Festnetzpreis 0,20 \u20ac\/Anruf)<br>Registernummer: <strong>D-8N3P-TKWLX-27<\/strong><br>Registerabruf: https:\/\/www.vermittlerregister.info.<\/p>\n\n\n\n<p><strong>Beteiligungen<\/strong><br>Es bestehen keine Beteiligungen von Versicherungsgesellschaften an der Frank M\u00fcller Versicherungsmakler GmbH. <br>Die Frank M\u00fcller Versicherungsmakler GmbH ist weder direkt noch indirekt mit mehr als zehn Prozent an den Stimmrechten oder am Kapital eines Versicherungsunternehmens beteiligt.<\/p>\n\n\n\n<p><strong>Schlichtungsstellen<\/strong><br>Versicherungsombudsmann e.V.<br>Postfach 08 06&nbsp;32<br>10006 Berlin<\/p>\n\n\n\n<p>Ombudsmann private Kranken- und Pflegeversicherung<br>Leipziger Stra\u00dfe 104<br>10117 Berlin<\/p>\n\n\n\n<p><strong>Information zur Teilnahme am Streitbeilegungsverfahren gem\u00e4\u00df \u00a7 36 Verbraucherstreitbeilegungsgesetz<\/strong><\/p>\n\n\n\n<p>Wir sind bereit am Streitbeilegungsverfahren vor folgenden Verbraucherschlichtungsstellen teilzunehmen:<\/p>\n\n\n\n<p>Versicherungsombudsmann e.V.<br>Postfach 08 06&nbsp;32<br>10006 Berlin<\/p>\n\n\n\n<p>Ombudsmann private Kranken- und Pflegeversicherung<br>Leipziger Stra\u00dfe 104<br>10117 Berlin<\/p>\n\n\n\n<p><strong>Verg\u00fctung<\/strong><br>Als Versicherungsmakler bieten wir eine Beratung an. Die Verg\u00fctung &#8211; Courtage genannt &#8211; f\u00fcr unsere Beratungs-, Vermittlungs- und Betreuungst\u00e4tigkeit tr\u00e4gt gewohnheitsrechtlich das Versicherungsunternehmen. Die Courtage ist Bestandteil der Versicherungspr\u00e4mie. Hiervon Abweichendes muss ausdr\u00fccklich zwischen uns und dem Auftraggeber vereinbart werden. Insbesondere bei der Vermittlung von sogenannten Nettoprodukten wird in der Regel eine separate Verg\u00fctungsabrede vereinbart, die den Auftraggeber zur Zahlung der Verg\u00fctung verpflichtet. Nettoprodukte sind Produkte bei denen die Vermittlungsverg\u00fctung nicht in der Versicherungspr\u00e4mie enthalten ist. Eine Verg\u00fctung in Form anderer Zuwendungen erh\u00e4lt unser Unternehmen nicht. Sofern wir neben der Versicherungsvermittlung und -betreuung kaufm\u00e4nnische Dienste f\u00fcr Kunden anbieten, so sind diese direkt vom Kunden zu bezahlen.<\/p>\n\n\n\n<p><strong>Information und Einwilligung zur Datenverarbeitung<\/strong><\/p>\n\n\n\n<p><strong>Zusammenarbeit mit anderen Stellen bei Weitergabe und Empfang von Daten<\/strong><br>Im Rahmen von Deckungsanfragen, Vertragsabschl\u00fcssen, Vertragsverwaltungen und Abwicklungen von Leistungs- und Schadensf\u00e4llen etc. kann es erforderlich sein, Ihre Daten an andere Stellen weiterzugeben oder von diesen zu empfangen. Hierbei handelt es sich um:<\/p>\n\n\n\n<ul class=\"wp-block-list\">\n<li>Versicherer<\/li>\n\n\n\n<li>R\u00fcckversicherer<\/li>\n\n\n\n<li>Maklerpools<\/li>\n\n\n\n<li>kooperierende Versicherungsmakler<\/li>\n\n\n\n<li>technische und sonstige Dienstleister<\/li>\n\n\n\n<li>Tippgeber<\/li>\n\n\n\n<li>Kreditinstitute und Kapitalanlagegesellschaften<\/li>\n\n\n\n<li>Bausparkassen<\/li>\n\n\n\n<li>Finanzdienstleistungsinstitute und Wertpapierhandelsgesellschaften<\/li>\n\n\n\n<li>Rechtsanw\u00e4lte, Steuerberater, Wirtschaftspr\u00fcfer<\/li>\n\n\n\n<li>Rechtsnachfolger<\/li>\n\n\n\n<li>Assekuradeure<\/li>\n\n\n\n<li>Sozialversicherungstr\u00e4ger<\/li>\n\n\n\n<li>Versicherungsombudsm\u00e4nner<\/li>\n\n\n\n<li>Bundesanstalt f\u00fcr Finanzdienstleistungsaufsicht (BaFin)<\/li>\n<\/ul>\n\n\n\n<p>Ihre&nbsp;Daten werden nur in dem Ma\u00dfe weitergegeben, wie es nach dem jeweiligen Zweck der Verarbeitung&nbsp;erforderlich ist.<\/p>\n","protected":false},"excerpt":{"rendered":"<p>gem\u00e4\u00df den Bestimmungen der EU- Vermittlerrichtlinie Informationspflicht nach VersVermV Frank M\u00fcller Versicherungsmakler GmbH Berliner Stra\u00dfe 104, 04910 ElsterwerdaTelefon: 03533 819791, Fax: 03533 819792,Email: info@fmv-makler.de, Web: www.fmv-makler.de Gesch\u00e4ftsf\u00fchrer: Frank M\u00fcller, Benno NemetzAmtsgericht Cottbus HRB 12213 CBSteuernummer: 057\/108\/04461 Versicherungsmakler mit der Erlaubnis nach \u00a7 34d Abs. 1 GewO gemeldet bei der IHK Cottbus, Goethestra\u00dfe 1, 03046 Cottbus [&hellip;]<\/p>\n","protected":false},"author":1,"featured_media":0,"parent":0,"menu_order":2,"comment_status":"closed","ping_status":"closed","template":"","meta":{"footnotes":""},"class_list":["post-120","page","type-page","status-publish","czr-hentry"],"_links":{"self":[{"href":"https:\/\/fmv-makler.de\/index.php?rest_route=\/wp\/v2\/pages\/120","targetHints":{"allow":["GET"]}}],"collection":[{"href":"https:\/\/fmv-makler.de\/index.php?rest_route=\/wp\/v2\/pages"}],"about":[{"href":"https:\/\/fmv-makler.de\/index.php?rest_route=\/wp\/v2\/types\/page"}],"author":[{"embeddable":true,"href":"https:\/\/fmv-makler.de\/index.php?rest_route=\/wp\/v2\/users\/1"}],"replies":[{"embeddable":true,"href":"https:\/\/fmv-makler.de\/index.php?rest_route=%2Fwp%2Fv2%2Fcomments&post=120"}],"version-history":[{"count":7,"href":"https:\/\/fmv-makler.de\/index.php?rest_route=\/wp\/v2\/pages\/120\/revisions"}],"predecessor-version":[{"id":158,"href":"https:\/\/fmv-makler.de\/index.php?rest_route=\/wp\/v2\/pages\/120\/revisions\/158"}],"wp:attachment":[{"href":"https:\/\/fmv-makler.de\/index.php?rest_route=%2Fwp%2Fv2%2Fmedia&parent=120"}],"curies":[{"name":"wp","href":"https:\/\/api.w.org\/{rel}","templated":true}]}}