{"id":174,"date":"2024-07-23T14:30:17","date_gmt":"2024-07-23T14:30:17","guid":{"rendered":"https:\/\/fmv-makler.de\/?page_id=174"},"modified":"2024-07-23T15:06:50","modified_gmt":"2024-07-23T15:06:50","slug":"eu-transparenzverordnung-tvo","status":"publish","type":"page","link":"https:\/\/fmv-makler.de\/?page_id=174","title":{"rendered":"EU-Transparenzverordnung (TVO)"},"content":{"rendered":"\n<p>Erkl\u00e4rung zu nachteiligen Nachhaltigkeitsauswirkungen (Adverse sustainability impacts statement)<\/p>\n\n\n\n<p><strong>Transparenz-Verordnung (TVO)<\/strong><br><br>Artikel 3<br>(Transparenz bei den Strategien f\u00fcr den Umgang mit Nachhaltigkeitsrisiken)<br>Im Rahmen der Auswahl von Versicherungsgesellschaften und Versicherungsprodukten ber\u00fccksichtigen wir die von den Versicherern zur Verf\u00fcgung gestellten Informationen.<br>Versicherer, die erkennbar keine Strategie zur Einbeziehung von Nachhaltigkeitsrisiken in ihre Investitionsentscheidungen einbeziehen, bieten wir ggf. nicht an.<br>Im Rahmen der im Kundeninteresse erfolgenden individuellen Beratung stellen wir gesondert dar, wenn die Ber\u00fccksichtigung der Nachhaltigkeitsrisiken bei der Investmententscheidung f\u00fcr uns erkennbare Vor- bzw. Nachteile f\u00fcr den individuellen Kunden bedeuten.<br>\u00dcber die jeweilige Ber\u00fccksichtigung von Nachhaltigkeitsrisiken bei Investitionsentscheidungen des jeweiligen Versicherers informiert dieser mit dessen vorvertraglichen Informationen.<br>Bei Fragen dazu kann der Kunde uns gerne im Vorfeld eines m\u00f6glichen Abschlusses ansprechen.<br><br>Artikel 4 Abs. 5<br>(nachteiliger Nachhaltigkeitsauswirkungen auf Ebene des Unternehmens)<br>Im Rahmen der Beratung werden die wichtigsten nachteiligen Auswirkungen von Investitionsentscheidungen auf Nachhaltigkeitsfaktoren der Finanzmarkteilnehmer (Versicherer) ber\u00fccksichtigt. Die Ber\u00fccksichtigung erfolgt auf Basis der von den Versicherungsunternehmen zur Verf\u00fcgung gestellten Informationen. F\u00fcr deren Richtigkeit ist der Vermittler nicht verantwortlich.<br>Zurzeit kann eine Ber\u00fccksichtigung auf Grund sich aufbauender, aber aktuell noch ggf. rudiment\u00e4rer Informationen durch die Versicherer zu Ihren Unternehmen lediglich bedingt erfolgen.<\/p>\n\n\n\n<p>Artikel 5 Abs. 5<br>(Transparenz der Verg\u00fctungspolitik im Zusammenhang mit der Ber\u00fccksichtigung von Nachhaltigkeitsrisiken)<br>Die Verg\u00fctung f\u00fcr die Vermittlung von Versicherungen orientiert sich nicht an den Nachhaltigkeitsrisiken, die mit den Anlagen dieser einhergehen. Dies bedeutet insbesondere, dass die Verg\u00fctungsh\u00f6he des Produktes nicht von den Nachhaltigkeitsrisiken der Anlage positiv oder negativ beeinflusst wird.<br><br>Artikel 6 Abs. 2<br>(Transparenz bei der Ber\u00fccksichtigung von Nachhaltigkeitsrisiken)<br>Bei der Beratung zu Versicherungsanlageprodukten, Riester- und Basisrenten bzw. bAV werden die Nachhaltigkeitsrisiken einbezogen, in dem die vorvertraglichen Informationen der Versicherer verwendet werden.<br>Bei einer m\u00f6glichen pflichtgem\u00e4\u00dfen Einsch\u00e4tzung einer vergleichbaren oder besseren Rendite des Produktes, das Nachhaltigkeitsrisiken ber\u00fccksichtigt, wird dieses Produkt vorrangig empfohlen.<\/p>\n","protected":false},"excerpt":{"rendered":"<p>Erkl\u00e4rung zu nachteiligen Nachhaltigkeitsauswirkungen (Adverse sustainability impacts statement) Transparenz-Verordnung (TVO) Artikel 3(Transparenz bei den Strategien f\u00fcr den Umgang mit Nachhaltigkeitsrisiken)Im Rahmen der Auswahl von Versicherungsgesellschaften und Versicherungsprodukten ber\u00fccksichtigen wir die von den Versicherern zur Verf\u00fcgung gestellten Informationen.Versicherer, die erkennbar keine Strategie zur Einbeziehung von Nachhaltigkeitsrisiken in ihre Investitionsentscheidungen einbeziehen, bieten wir ggf. nicht an.Im Rahmen [&hellip;]<\/p>\n","protected":false},"author":1,"featured_media":0,"parent":0,"menu_order":5,"comment_status":"closed","ping_status":"closed","template":"","meta":{"footnotes":""},"class_list":["post-174","page","type-page","status-publish","czr-hentry"],"_links":{"self":[{"href":"https:\/\/fmv-makler.de\/index.php?rest_route=\/wp\/v2\/pages\/174","targetHints":{"allow":["GET"]}}],"collection":[{"href":"https:\/\/fmv-makler.de\/index.php?rest_route=\/wp\/v2\/pages"}],"about":[{"href":"https:\/\/fmv-makler.de\/index.php?rest_route=\/wp\/v2\/types\/page"}],"author":[{"embeddable":true,"href":"https:\/\/fmv-makler.de\/index.php?rest_route=\/wp\/v2\/users\/1"}],"replies":[{"embeddable":true,"href":"https:\/\/fmv-makler.de\/index.php?rest_route=%2Fwp%2Fv2%2Fcomments&post=174"}],"version-history":[{"count":1,"href":"https:\/\/fmv-makler.de\/index.php?rest_route=\/wp\/v2\/pages\/174\/revisions"}],"predecessor-version":[{"id":175,"href":"https:\/\/fmv-makler.de\/index.php?rest_route=\/wp\/v2\/pages\/174\/revisions\/175"}],"wp:attachment":[{"href":"https:\/\/fmv-makler.de\/index.php?rest_route=%2Fwp%2Fv2%2Fmedia&parent=174"}],"curies":[{"name":"wp","href":"https:\/\/api.w.org\/{rel}","templated":true}]}}